{"id":1438,"date":"2022-05-04T00:50:35","date_gmt":"2022-05-04T03:50:35","guid":{"rendered":"https:\/\/isac-cat.infd.edu.ar\/sitio\/?page_id=1438"},"modified":"2024-04-09T17:12:12","modified_gmt":"2024-04-09T20:12:12","slug":"noticias","status":"publish","type":"page","link":"https:\/\/isac-cat.infd.edu.ar\/sitio\/noticias\/","title":{"rendered":"NOTICIAS"},"content":{"rendered":"\n<hr class=\"wp-block-separator has-css-opacity alignfull is-style-wide\"\/>\n\n\n\n<div class=\"wp-block-columns is-layout-flex wp-container-3\">\n<div class=\"wp-block-column is-layout-flow\">\n<figure class=\"wp-block-image size-full\"><img decoding=\"async\" loading=\"lazy\" width=\"1080\" height=\"1080\" src=\"https:\/\/isac-cat.infd.edu.ar\/sitio\/wp-content\/uploads\/2024\/04\/1er-concurso-2024-1.jpeg\" alt=\"\" class=\"wp-image-2581\" srcset=\"https:\/\/isac-cat.infd.edu.ar\/sitio\/wp-content\/uploads\/2024\/04\/1er-concurso-2024-1.jpeg 1080w, https:\/\/isac-cat.infd.edu.ar\/sitio\/wp-content\/uploads\/2024\/04\/1er-concurso-2024-1-1000x1000.jpeg 1000w, https:\/\/isac-cat.infd.edu.ar\/sitio\/wp-content\/uploads\/2024\/04\/1er-concurso-2024-1-500x500.jpeg 500w, https:\/\/isac-cat.infd.edu.ar\/sitio\/wp-content\/uploads\/2024\/04\/1er-concurso-2024-1-768x768.jpeg 768w\" sizes=\"(max-width: 1080px) 100vw, 1080px\" \/><\/figure>\n\n\n\n<p><a href=\"https:\/\/isac-cat.infd.edu.ar\/sitio\/wp-content\/uploads\/2024\/04\/Disposicion-Concursos-2024.pdf\">Disposici\u00f3n Concursos 2024<\/a><\/p>\n<p><a href=\"https:\/\/isac-cat.infd.edu.ar\/sitio\/wp-content\/uploads\/2024\/04\/ESPACIOS-AUTORIZADOS-PRIMER-LLAMADO-ABRIL-2024.pdf\">ESPACIOS AUTORIZADOS PRIMER LLAMADO- ABRIL 2024<\/a><\/p>\n<\/div>\n\n\n\n<div class=\"wp-block-column is-layout-flow\">\n<figure class=\"wp-block-image size-full\"><a href=\"https:\/\/forms.gle\/HhzL7EubtigyBNzbA\"><img decoding=\"async\" loading=\"lazy\" width=\"1080\" height=\"1080\" src=\"https:\/\/isac-cat.infd.edu.ar\/sitio\/wp-content\/uploads\/2024\/04\/1er-concurso-2024-2.jpeg\" alt=\"\" class=\"wp-image-2582\" srcset=\"https:\/\/isac-cat.infd.edu.ar\/sitio\/wp-content\/uploads\/2024\/04\/1er-concurso-2024-2.jpeg 1080w, https:\/\/isac-cat.infd.edu.ar\/sitio\/wp-content\/uploads\/2024\/04\/1er-concurso-2024-2-1000x1000.jpeg 1000w, https:\/\/isac-cat.infd.edu.ar\/sitio\/wp-content\/uploads\/2024\/04\/1er-concurso-2024-2-500x500.jpeg 500w, https:\/\/isac-cat.infd.edu.ar\/sitio\/wp-content\/uploads\/2024\/04\/1er-concurso-2024-2-768x768.jpeg 768w\" sizes=\"(max-width: 1080px) 100vw, 1080px\" \/><\/a><\/figure>\n<\/div>\n<\/div>\n\n\n\n<hr class=\"wp-block-separator has-alpha-channel-opacity\"\/>\n\n\n\n<div class=\"wp-block-media-text alignwide is-stacked-on-mobile is-vertically-aligned-center\" style=\"grid-template-columns:57% auto\"><figure class=\"wp-block-media-text__media\"><img decoding=\"async\" loading=\"lazy\" width=\"1080\" height=\"1080\" src=\"https:\/\/isac-cat.infd.edu.ar\/sitio\/wp-content\/uploads\/2023\/04\/1er-concurso_docente_superior-2023-2.jpg\" alt=\"\" class=\"wp-image-2049 size-full\" srcset=\"https:\/\/isac-cat.infd.edu.ar\/sitio\/wp-content\/uploads\/2023\/04\/1er-concurso_docente_superior-2023-2.jpg 1080w, https:\/\/isac-cat.infd.edu.ar\/sitio\/wp-content\/uploads\/2023\/04\/1er-concurso_docente_superior-2023-2-1000x1000.jpg 1000w, https:\/\/isac-cat.infd.edu.ar\/sitio\/wp-content\/uploads\/2023\/04\/1er-concurso_docente_superior-2023-2-500x500.jpg 500w, https:\/\/isac-cat.infd.edu.ar\/sitio\/wp-content\/uploads\/2023\/04\/1er-concurso_docente_superior-2023-2-768x768.jpg 768w\" sizes=\"(max-width: 1080px) 100vw, 1080px\" \/><\/figure><div class=\"wp-block-media-text__content\">\n<p class=\"has-text-align-center\">&#x26a0; Cronograma sujeto a modificaciones de acuerdo a la constituci\u00f3n de tribunales y las posibilidades institucionales.&#x26a0;<\/p>\n\n\n\n<p class=\"has-text-align-center\">Disposici\u00f3n:&nbsp;<a href=\"https:\/\/isac-cat.infd.edu.ar\/sitio\/wp-content\/uploads\/2023\/04\/DI-rectifiatoria-concurso.pdf\" target=\"_blank\" rel=\"noreferrer noopener\">DI-rectifiatoria concurso<\/a><br>Espacios Curriculares a Concursar:&nbsp;<a rel=\"noreferrer noopener\" href=\"https:\/\/isac-cat.infd.edu.ar\/sitio\/wp-content\/uploads\/2023\/04\/1o_LLAMADO_ISAC_2023.pdf\" target=\"_blank\">1\u00ba_LLAMADO_ISAC_2023<\/a><\/p>\n<\/div><\/div>\n\n\n\n<hr class=\"wp-block-separator has-alpha-channel-opacity\"\/>\n\n\n\n<p>Se invita a la Muestra Final 2022\/ Funci\u00f3n estreno de la Tecnicatura en Producci\u00f3n y Direcci\u00f3n para Radio y Tv del ISAC.&#x25b6;&#xfe0f;<\/p>\n\n\n\n<p>Una proyecci\u00f3n de cortometrajes y trabajos audiovisuales acad\u00e9micos realizados \u00edntegramente por estudiantes de nuestra carrera durante el transcurso de este a\u00f1o.&#x1f3ac;<\/p>\n\n\n\n<p>Te esperamos este mi\u00e9rcoles 7 a las 19hs en el Auditorium de nuestra Casa de Estudios (Av Alem 651)&#x1f4cd;<\/p>\n\n\n\n<p>La entrada es libre y gratuita con capacidad limitada, abierta al p\u00fablico en general de toda nuestra comunidad.<\/p>\n\n\n\n<p>Se ruega puntualidad y difundir a quienes consideres pueda interesarle.&#x1f4f2;<\/p>\n\n\n\n<p>Nos vemos en el estreno!&#x2728;<\/p>\n\n\n<p><img decoding=\"async\" loading=\"lazy\" class=\"aligncenter size-thumbnail wp-image-1837\" src=\"https:\/\/isac-cat.infd.edu.ar\/sitio\/wp-content\/uploads\/2022\/12\/WhatsApp-Image-2022-12-06-at-08.02.34-500x500.jpeg\" alt=\"\" width=\"500\" height=\"500\"><\/p>\n\n\n<hr class=\"wp-block-separator has-css-opacity\"\/>\n\n\n\n<figure class=\"wp-block-gallery aligncenter has-nested-images columns-default is-cropped wp-block-gallery-4 is-layout-flex\">\n<figure class=\"wp-block-image size-large\"><img decoding=\"async\" loading=\"lazy\" width=\"1500\" height=\"1125\" data-id=\"1760\"  src=\"https:\/\/isac-cat.infd.edu.ar\/sitio\/wp-content\/uploads\/2022\/10\/WhatsApp-Image-2022-10-31-at-16.11.23.jpeg\" alt=\"\" class=\"wp-image-1760\" srcset=\"https:\/\/isac-cat.infd.edu.ar\/sitio\/wp-content\/uploads\/2022\/10\/WhatsApp-Image-2022-10-31-at-16.11.23.jpeg 1500w, https:\/\/isac-cat.infd.edu.ar\/sitio\/wp-content\/uploads\/2022\/10\/WhatsApp-Image-2022-10-31-at-16.11.23-1000x750.jpeg 1000w, https:\/\/isac-cat.infd.edu.ar\/sitio\/wp-content\/uploads\/2022\/10\/WhatsApp-Image-2022-10-31-at-16.11.23-768x576.jpeg 768w\" sizes=\"(max-width: 1500px) 100vw, 1500px\" \/><\/figure>\n<\/figure>\n\n\n\n<hr class=\"wp-block-separator has-css-opacity\"\/>\n\n\n\n<h3 class=\"wp-block-heading has-text-align-center\"><img decoding=\"async\" loading=\"lazy\" width=\"259\" height=\"143\" src=\"https:\/\/isac-cat.infd.edu.ar\/sitio\/wp-content\/uploads\/2022\/10\/sintespe-comunicado-importante-site-905x500-1.png\" alt=\"\">&nbsp;<\/h3>\n\n\n\n<h3 class=\"wp-block-heading\"><a href=\"https:\/\/drive.google.com\/file\/d\/1FJl_QAUGIrb9gwPFXCEzaKwbas5zwxyH\/view?usp=sharing\">N\u00f3mina de t\u00edtulos aprobados, listos para retirar<\/a><\/h3>\n\n\n\n<p>Cabe aclarar que los t\u00edtulos que figuran es estado <em><strong>Reenviado<\/strong><\/em> y <em><strong>Pases<\/strong><\/em>, est\u00e1n pendientes de aprobaci\u00f3n para que puedan ser retirados de la instituci\u00f3n.<\/p>\n","protected":false},"excerpt":{"rendered":"<p>Disposici\u00f3n Concursos 2024 ESPACIOS AUTORIZADOS PRIMER LLAMADO- ABRIL 2024 &#x26a0; Cronograma sujeto a modificaciones de acuerdo a la constituci\u00f3n de tribunales y las posibilidades institucionales.&#x26a0; Disposici\u00f3n:&nbsp;DI-rectifiatoria concursoEspacios Curriculares a Concursar:&nbsp;1\u00ba_LLAMADO_ISAC_2023 Se invita a la Muestra Final 2022\/ Funci\u00f3n estreno de la Tecnicatura en Producci\u00f3n y Direcci\u00f3n para Radio y Tv del ISAC.&#x25b6;&#xfe0f; Una proyecci\u00f3n de &#8230; <a title=\"NOTICIAS\" class=\"read-more\" href=\"https:\/\/isac-cat.infd.edu.ar\/sitio\/noticias\/\" aria-label=\"More on NOTICIAS\">[+]<\/a><\/p>\n","protected":false},"author":7,"featured_media":0,"parent":0,"menu_order":0,"comment_status":"closed","ping_status":"closed","template":"","meta":[],"acf":[],"_links":{"self":[{"href":"https:\/\/isac-cat.infd.edu.ar\/sitio\/wp-json\/wp\/v2\/pages\/1438"}],"collection":[{"href":"https:\/\/isac-cat.infd.edu.ar\/sitio\/wp-json\/wp\/v2\/pages"}],"about":[{"href":"https:\/\/isac-cat.infd.edu.ar\/sitio\/wp-json\/wp\/v2\/types\/page"}],"author":[{"embeddable":true,"href":"https:\/\/isac-cat.infd.edu.ar\/sitio\/wp-json\/wp\/v2\/users\/7"}],"replies":[{"embeddable":true,"href":"https:\/\/isac-cat.infd.edu.ar\/sitio\/wp-json\/wp\/v2\/comments?post=1438"}],"version-history":[{"count":15,"href":"https:\/\/isac-cat.infd.edu.ar\/sitio\/wp-json\/wp\/v2\/pages\/1438\/revisions"}],"predecessor-version":[{"id":2587,"href":"https:\/\/isac-cat.infd.edu.ar\/sitio\/wp-json\/wp\/v2\/pages\/1438\/revisions\/2587"}],"wp:attachment":[{"href":"https:\/\/isac-cat.infd.edu.ar\/sitio\/wp-json\/wp\/v2\/media?parent=1438"}],"curies":[{"name":"wp","href":"https:\/\/api.w.org\/{rel}","templated":true}]}}