{"id":2002,"date":"2023-03-16T17:11:24","date_gmt":"2023-03-16T20:11:24","guid":{"rendered":"https:\/\/isac-cat.infd.edu.ar\/sitio\/?page_id=2002"},"modified":"2024-09-07T09:17:47","modified_gmt":"2024-09-07T12:17:47","slug":"progresar","status":"publish","type":"page","link":"https:\/\/isac-cat.infd.edu.ar\/sitio\/progresar\/","title":{"rendered":"PROGRESAR"},"content":{"rendered":"<h6>&#x1f4e2; \u00a1Segunda Convocatoria para Progresar 2024! &#x1f393;<\/h6>\n<h6>Se abri\u00f3 la segunda convocatoria para el Programa Progresar. La inscripci\u00f3n para Progresar Obligatorio y Progresar Superior estar\u00e1 disponible hasta el 30 de septiembre, mientras que Progresar Trabajo seguir\u00e1 abierta hasta el 30 de noviembre. &#x1f4bc;<\/h6>\n<h6>&#x1f4b8; En esta nueva etapa, la cuota mensual sube a $35.000. Adem\u00e1s, los becarios de Progresar Obligatorio (16 a 18 a\u00f1os) recibir\u00e1n claves para el Curso de Orientaci\u00f3n Vocacional y Laboral, que deben completar para cobrar su beca.<\/h6>\n<h6>&#x1f4f2; Para m\u00e1s informaci\u00f3n e inscripciones, visit\u00e1: <a href=\"http:\/\/argentina.gob.ar\/progresar\" target=\"_blank\" rel=\"noopener\">argentina.gob.ar\/progresar<\/a><\/h6>\n<p><img decoding=\"async\" loading=\"lazy\" class=\"alignnone size-medium wp-image-2772\" src=\"https:\/\/isac-cat.infd.edu.ar\/sitio\/wp-content\/uploads\/2024\/09\/1725710639419-1000x1000.jpg\" alt=\"\" width=\"1000\" height=\"1000\" srcset=\"https:\/\/isac-cat.infd.edu.ar\/sitio\/wp-content\/uploads\/2024\/09\/1725710639419-1000x1000.jpg 1000w, https:\/\/isac-cat.infd.edu.ar\/sitio\/wp-content\/uploads\/2024\/09\/1725710639419-500x500.jpg 500w, https:\/\/isac-cat.infd.edu.ar\/sitio\/wp-content\/uploads\/2024\/09\/1725710639419-768x768.jpg 768w, https:\/\/isac-cat.infd.edu.ar\/sitio\/wp-content\/uploads\/2024\/09\/1725710639419.jpg 1080w\" sizes=\"(max-width: 1000px) 100vw, 1000px\" \/> <img decoding=\"async\" loading=\"lazy\" class=\"alignnone size-medium wp-image-2773\" src=\"https:\/\/isac-cat.infd.edu.ar\/sitio\/wp-content\/uploads\/2024\/09\/1725710642197-1000x1000.jpg\" alt=\"\" width=\"1000\" height=\"1000\" srcset=\"https:\/\/isac-cat.infd.edu.ar\/sitio\/wp-content\/uploads\/2024\/09\/1725710642197-1000x1000.jpg 1000w, https:\/\/isac-cat.infd.edu.ar\/sitio\/wp-content\/uploads\/2024\/09\/1725710642197-500x500.jpg 500w, https:\/\/isac-cat.infd.edu.ar\/sitio\/wp-content\/uploads\/2024\/09\/1725710642197-768x768.jpg 768w, https:\/\/isac-cat.infd.edu.ar\/sitio\/wp-content\/uploads\/2024\/09\/1725710642197.jpg 1080w\" sizes=\"(max-width: 1000px) 100vw, 1000px\" \/> <img decoding=\"async\" loading=\"lazy\" class=\"alignnone size-medium wp-image-2775\" src=\"https:\/\/isac-cat.infd.edu.ar\/sitio\/wp-content\/uploads\/2024\/09\/1725710654146-1000x1000.jpg\" alt=\"\" width=\"1000\" height=\"1000\" srcset=\"https:\/\/isac-cat.infd.edu.ar\/sitio\/wp-content\/uploads\/2024\/09\/1725710654146-1000x1000.jpg 1000w, https:\/\/isac-cat.infd.edu.ar\/sitio\/wp-content\/uploads\/2024\/09\/1725710654146-500x500.jpg 500w, https:\/\/isac-cat.infd.edu.ar\/sitio\/wp-content\/uploads\/2024\/09\/1725710654146-768x768.jpg 768w, https:\/\/isac-cat.infd.edu.ar\/sitio\/wp-content\/uploads\/2024\/09\/1725710654146.jpg 1080w\" sizes=\"(max-width: 1000px) 100vw, 1000px\" \/><\/p>\n\n\n<hr class=\"wp-block-separator has-alpha-channel-opacity is-style-dots\"\/>\n\n\n<div dir=\"auto\">&nbsp;<\/div>\n<p><img decoding=\"async\" loading=\"lazy\" class=\"wp-image-2633 alignleft\" src=\"https:\/\/isac-cat.infd.edu.ar\/sitio\/wp-content\/uploads\/2024\/05\/progresar-1000x1000.jpg\" alt=\"\" width=\"489\" height=\"489\" srcset=\"https:\/\/isac-cat.infd.edu.ar\/sitio\/wp-content\/uploads\/2024\/05\/progresar-1000x1000.jpg 1000w, https:\/\/isac-cat.infd.edu.ar\/sitio\/wp-content\/uploads\/2024\/05\/progresar-500x500.jpg 500w, https:\/\/isac-cat.infd.edu.ar\/sitio\/wp-content\/uploads\/2024\/05\/progresar-768x768.jpg 768w, https:\/\/isac-cat.infd.edu.ar\/sitio\/wp-content\/uploads\/2024\/05\/progresar.jpg 1080w\" sizes=\"(max-width: 489px) 100vw, 489px\" \/><\/p>\n<div dir=\"auto\">Se comunica que se extendi\u00f3 el periodo de inscripci\u00f3n a las Becas Progresar hasta el 17 de mayo para nivel superior.<\/div>\n<div dir=\"auto\"><a class=\"x1i10hfl xjbqb8w x1ejq31n xd10rxx x1sy0etr x17r0tee x972fbf xcfux6l x1qhh985 xm0m39n x9f619 x1ypdohk xt0psk2 xe8uvvx xdj266r x11i5rnm xat24cr x1mh8g0r xexx8yu x4uap5 x18d9i69 xkhd6sd x16tdsg8 x1hl2dhg xggy1nq x1a2a7pz xt0b8zv x1fey0fg\" tabindex=\"0\" role=\"link\" href=\"https:\/\/www.argentina.gob.ar\/educacion\/progresar?fbclid=IwZXh0bgNhZW0CMTAAAR3YmfRhI1giinanAG7BNJD8RCJ7sbSFgeDpRjV_KoOL5htyjT8JelwEkc4_aem_AeYZcWHnYkQQvmYR4Le96VnNFtklSCqXS3oAP8LXzpy99tCVsHaa3rXEGIxDufTRQX5gH8X1k534sNW-NUa7VIN5\" target=\"_blank\" rel=\"nofollow noopener noreferrer\">https:\/\/www.argentina.gob.ar\/educacion\/progresar<\/a><\/div>\n<div dir=\"auto\">&nbsp;<\/div>\n<div dir=\"auto\">&nbsp;<\/div>\n<div dir=\"auto\">&nbsp;<\/div>\n<div dir=\"auto\">&nbsp;<\/div>\n<div dir=\"auto\">&nbsp;<\/div>\n<div dir=\"auto\">&nbsp;<\/div>\n<div dir=\"auto\">&nbsp;<\/div>\n<div dir=\"auto\">&nbsp;<\/div>\n<div dir=\"auto\">&nbsp;<\/div>\n<div dir=\"auto\">&nbsp;<\/div>\n<div dir=\"auto\">&nbsp;<\/div>\n<div dir=\"auto\">&nbsp;<\/div>\n<div dir=\"auto\">&nbsp;<\/div>\n<div dir=\"auto\">&nbsp;<\/div>\n<div dir=\"auto\">&nbsp;<\/div>\n<div dir=\"auto\">&nbsp;<\/div>\n<div dir=\"auto\">&nbsp;<\/div>\n<div dir=\"auto\">&nbsp;<\/div>\n<div dir=\"auto\">&nbsp;<\/div>\n<div dir=\"auto\">&nbsp;<\/div>\n\n\n<hr class=\"wp-block-separator has-alpha-channel-opacity is-style-dots\"\/>\n\n\n<p><\/p>\n<p><a href=\"https:\/\/www.argentina.gob.ar\/educacion\/progresar\" target=\"_blank\" rel=\"noopener\"><strong><img decoding=\"async\" loading=\"lazy\" class=\"wp-image-2603 alignleft\" src=\"https:\/\/isac-cat.infd.edu.ar\/sitio\/wp-content\/uploads\/2024\/04\/ANUNCIO-PROGRESAR-1000x1000.jpg\" alt=\"\" width=\"471\" height=\"471\" srcset=\"https:\/\/isac-cat.infd.edu.ar\/sitio\/wp-content\/uploads\/2024\/04\/ANUNCIO-PROGRESAR-1000x1000.jpg 1000w, https:\/\/isac-cat.infd.edu.ar\/sitio\/wp-content\/uploads\/2024\/04\/ANUNCIO-PROGRESAR-500x500.jpg 500w, https:\/\/isac-cat.infd.edu.ar\/sitio\/wp-content\/uploads\/2024\/04\/ANUNCIO-PROGRESAR-768x768.jpg 768w, https:\/\/isac-cat.infd.edu.ar\/sitio\/wp-content\/uploads\/2024\/04\/ANUNCIO-PROGRESAR.jpg 1080w\" sizes=\"(max-width: 471px) 100vw, 471px\" \/><\/strong><\/a><\/p>\n<p>El Ministerio de Capital Humano de la Naci\u00f3n, a trav\u00e9s de la Secretar\u00eda de Educaci\u00f3n de la Naci\u00f3n, habilit\u00f3 desde este mi\u00e9rcoles 10 hasta el <span style=\"font-size: revert;\">martes 30 de abril las inscripciones a las Becas Progresar 2024.<\/span><\/p>\n<p>&#x1f4d8; <a href=\"https:\/\/isac-cat.infd.edu.ar\/sitio\/wp-content\/uploads\/2024\/04\/Tutorial-de-inscripcion-Progresar-Superior.pdf\">Tutorial de inscripci\u00f3n Progresar Superior<\/a><\/p>\n<p>&#x1f511; <a href=\"https:\/\/youtu.be\/IanffENNAgU\" target=\"_blank\" rel=\"noopener\">Recuperar contrase\u00f1a<\/a>&nbsp;<\/p>\n<p><\/p>\n<p><\/p>\n\n\n<hr class=\"wp-block-separator has-alpha-channel-opacity is-style-dots\"\/>\n\n\n<p><img decoding=\"async\" loading=\"lazy\" class=\"aligncenter  wp-image-2136\" src=\"https:\/\/isac-cat.infd.edu.ar\/sitio\/wp-content\/uploads\/2023\/06\/WhatsApp-Image-2023-06-05-at-09.50.48-500x500.jpeg\" alt=\"\" width=\"423\" height=\"423\"><\/p>\n<p><span style=\"color: #000000;\">Si te inscribiste en la convocatoria de Progresar, y tu solicitud no fue aprobada por motivos acad\u00e9micos, y consideras que esa evaluaci\u00f3n no se corresponde con tu situaci\u00f3n, podes iniciar un reclamo. El reclamo te permite corregir tus datos acad\u00e9micos y obtener una nueva evaluaci\u00f3n.<\/span><\/p>\n<p><span style=\"color: #000000;\">Tenes tiempo para hacerlo hasta el 13 de junio. Ingres\u00e1 con tu usuario y contrase\u00f1a en la plataforma Progresar<\/span> <a href=\"http:\/\/argentina.gob.ar\/progresar\">argentina.gob.ar\/progresar<\/a><\/p>\n<p><span style=\"color: #000000;\">Una vez realizado el reclamo, deber\u00e1s dirigirte al instituto con libreta en mano para realizar la correspondiente certificaci\u00f3n acad\u00e9mica, de Lunes a Viernes de 08:00 h. a 12:00 h., Martes y Jueves de 17:30 h. a 20:00 h.<\/span><\/p>\n\n\n<hr class=\"wp-block-separator has-alpha-channel-opacity\"\/>\n\n\n<p><img decoding=\"async\" loading=\"lazy\" class=\"aligncenter size-thumbnail wp-image-2088\" src=\"https:\/\/isac-cat.infd.edu.ar\/sitio\/wp-content\/uploads\/2023\/05\/Placa-1-500x500.jpeg\" alt=\"\" width=\"500\" height=\"500\" srcset=\"https:\/\/isac-cat.infd.edu.ar\/sitio\/wp-content\/uploads\/2023\/05\/Placa-1-500x500.jpeg 500w, https:\/\/isac-cat.infd.edu.ar\/sitio\/wp-content\/uploads\/2023\/05\/Placa-1.jpeg 1000w, https:\/\/isac-cat.infd.edu.ar\/sitio\/wp-content\/uploads\/2023\/05\/Placa-1-768x768.jpeg 768w\" sizes=\"(max-width: 500px) 100vw, 500px\" \/> <img decoding=\"async\" loading=\"lazy\" class=\"aligncenter size-thumbnail wp-image-2089\" src=\"https:\/\/isac-cat.infd.edu.ar\/sitio\/wp-content\/uploads\/2023\/05\/Placa-4-500x500.jpeg\" alt=\"\" width=\"500\" height=\"500\" srcset=\"https:\/\/isac-cat.infd.edu.ar\/sitio\/wp-content\/uploads\/2023\/05\/Placa-4-500x500.jpeg 500w, https:\/\/isac-cat.infd.edu.ar\/sitio\/wp-content\/uploads\/2023\/05\/Placa-4.jpeg 1000w, https:\/\/isac-cat.infd.edu.ar\/sitio\/wp-content\/uploads\/2023\/05\/Placa-4-768x768.jpeg 768w\" sizes=\"(max-width: 500px) 100vw, 500px\" \/> <img decoding=\"async\" loading=\"lazy\" class=\"aligncenter size-thumbnail wp-image-2090\" src=\"https:\/\/isac-cat.infd.edu.ar\/sitio\/wp-content\/uploads\/2023\/05\/Placa-3-500x500.jpeg\" alt=\"\" width=\"500\" height=\"500\" srcset=\"https:\/\/isac-cat.infd.edu.ar\/sitio\/wp-content\/uploads\/2023\/05\/Placa-3-500x500.jpeg 500w, https:\/\/isac-cat.infd.edu.ar\/sitio\/wp-content\/uploads\/2023\/05\/Placa-3.jpeg 1000w, https:\/\/isac-cat.infd.edu.ar\/sitio\/wp-content\/uploads\/2023\/05\/Placa-3-768x768.jpeg 768w\" sizes=\"(max-width: 500px) 100vw, 500px\" \/> <img decoding=\"async\" loading=\"lazy\" class=\"aligncenter size-thumbnail wp-image-2091\" src=\"https:\/\/isac-cat.infd.edu.ar\/sitio\/wp-content\/uploads\/2023\/05\/Placa-2-500x500.jpeg\" alt=\"\" width=\"500\" height=\"500\" srcset=\"https:\/\/isac-cat.infd.edu.ar\/sitio\/wp-content\/uploads\/2023\/05\/Placa-2-500x500.jpeg 500w, https:\/\/isac-cat.infd.edu.ar\/sitio\/wp-content\/uploads\/2023\/05\/Placa-2.jpeg 1000w, https:\/\/isac-cat.infd.edu.ar\/sitio\/wp-content\/uploads\/2023\/05\/Placa-2-768x768.jpeg 768w\" sizes=\"(max-width: 500px) 100vw, 500px\" \/> <img decoding=\"async\" loading=\"lazy\" class=\"aligncenter size-thumbnail wp-image-2092\" src=\"https:\/\/isac-cat.infd.edu.ar\/sitio\/wp-content\/uploads\/2023\/05\/Placa-5-500x500.jpeg\" alt=\"\" width=\"500\" height=\"500\" srcset=\"https:\/\/isac-cat.infd.edu.ar\/sitio\/wp-content\/uploads\/2023\/05\/Placa-5-500x500.jpeg 500w, https:\/\/isac-cat.infd.edu.ar\/sitio\/wp-content\/uploads\/2023\/05\/Placa-5.jpeg 1000w, https:\/\/isac-cat.infd.edu.ar\/sitio\/wp-content\/uploads\/2023\/05\/Placa-5-768x768.jpeg 768w\" sizes=\"(max-width: 500px) 100vw, 500px\" \/><\/p>\n\n\n<hr class=\"wp-block-separator has-alpha-channel-opacity\"\/>\n\n\n<p><img decoding=\"async\" loading=\"lazy\" class=\"aligncenter  wp-image-2056\" src=\"https:\/\/isac-cat.infd.edu.ar\/sitio\/wp-content\/uploads\/2023\/04\/WhatsApp-Image-2023-04-04-at-08.19.54-500x500.jpeg\" alt=\"\" width=\"452\" height=\"452\" srcset=\"https:\/\/isac-cat.infd.edu.ar\/sitio\/wp-content\/uploads\/2023\/04\/WhatsApp-Image-2023-04-04-at-08.19.54-500x500.jpeg 500w, https:\/\/isac-cat.infd.edu.ar\/sitio\/wp-content\/uploads\/2023\/04\/WhatsApp-Image-2023-04-04-at-08.19.54-1000x1000.jpeg 1000w, https:\/\/isac-cat.infd.edu.ar\/sitio\/wp-content\/uploads\/2023\/04\/WhatsApp-Image-2023-04-04-at-08.19.54-768x768.jpeg 768w, https:\/\/isac-cat.infd.edu.ar\/sitio\/wp-content\/uploads\/2023\/04\/WhatsApp-Image-2023-04-04-at-08.19.54.jpeg 1080w\" sizes=\"(max-width: 452px) 100vw, 452px\" \/><\/p>\n<p>Se extiende el per\u00edodo de inscripci\u00f3n de la convocatoria Becas Progresar 2023 para las l\u00edneas de Nivel Obligatorio y Nivel Superior hasta el d\u00eda 16 de abril. Asimismo, les comunicamos que se extender\u00e1 el per\u00edodo de Certificaci\u00f3n Acad\u00e9mica hasta el 30 de abril.<\/p>\n\n\n<hr class=\"wp-block-separator has-alpha-channel-opacity\"\/>\n\n\n\n<p><\/p>\n\n\n<p><img decoding=\"async\" loading=\"lazy\" class=\"aligncenter size-thumbnail wp-image-1981\" src=\"https:\/\/isac-cat.infd.edu.ar\/sitio\/wp-content\/uploads\/2023\/03\/Progresar-1-500x500.jpeg\" alt=\"\" width=\"500\" height=\"500\"> <img decoding=\"async\" loading=\"lazy\" class=\"aligncenter size-thumbnail wp-image-1980\" src=\"https:\/\/isac-cat.infd.edu.ar\/sitio\/wp-content\/uploads\/2023\/03\/Progresar-2-500x500.jpeg\" alt=\"\" width=\"500\" height=\"500\" srcset=\"https:\/\/isac-cat.infd.edu.ar\/sitio\/wp-content\/uploads\/2023\/03\/Progresar-2-500x500.jpeg 500w, https:\/\/isac-cat.infd.edu.ar\/sitio\/wp-content\/uploads\/2023\/03\/Progresar-2-1000x1000.jpeg 1000w, https:\/\/isac-cat.infd.edu.ar\/sitio\/wp-content\/uploads\/2023\/03\/Progresar-2-768x768.jpeg 768w, https:\/\/isac-cat.infd.edu.ar\/sitio\/wp-content\/uploads\/2023\/03\/Progresar-2-1536x1536.jpeg 1536w, https:\/\/isac-cat.infd.edu.ar\/sitio\/wp-content\/uploads\/2023\/03\/Progresar-2.jpeg 1600w\" sizes=\"(max-width: 500px) 100vw, 500px\" \/> <img decoding=\"async\" loading=\"lazy\" class=\"aligncenter size-thumbnail wp-image-1979\" src=\"https:\/\/isac-cat.infd.edu.ar\/sitio\/wp-content\/uploads\/2023\/03\/Progresar-3-500x500.jpeg\" alt=\"\" width=\"500\" height=\"500\" srcset=\"https:\/\/isac-cat.infd.edu.ar\/sitio\/wp-content\/uploads\/2023\/03\/Progresar-3-500x500.jpeg 500w, https:\/\/isac-cat.infd.edu.ar\/sitio\/wp-content\/uploads\/2023\/03\/Progresar-3-1000x1000.jpeg 1000w, https:\/\/isac-cat.infd.edu.ar\/sitio\/wp-content\/uploads\/2023\/03\/Progresar-3-768x768.jpeg 768w, https:\/\/isac-cat.infd.edu.ar\/sitio\/wp-content\/uploads\/2023\/03\/Progresar-3-1536x1536.jpeg 1536w, https:\/\/isac-cat.infd.edu.ar\/sitio\/wp-content\/uploads\/2023\/03\/Progresar-3.jpeg 1600w\" sizes=\"(max-width: 500px) 100vw, 500px\" \/> <img decoding=\"async\" loading=\"lazy\" class=\"aligncenter size-thumbnail wp-image-1982\" src=\"https:\/\/isac-cat.infd.edu.ar\/sitio\/wp-content\/uploads\/2023\/03\/Progresar-4-500x500.jpeg\" alt=\"\" width=\"500\" height=\"500\" srcset=\"https:\/\/isac-cat.infd.edu.ar\/sitio\/wp-content\/uploads\/2023\/03\/Progresar-4-500x500.jpeg 500w, https:\/\/isac-cat.infd.edu.ar\/sitio\/wp-content\/uploads\/2023\/03\/Progresar-4-1000x1000.jpeg 1000w, https:\/\/isac-cat.infd.edu.ar\/sitio\/wp-content\/uploads\/2023\/03\/Progresar-4-768x768.jpeg 768w, https:\/\/isac-cat.infd.edu.ar\/sitio\/wp-content\/uploads\/2023\/03\/Progresar-4-1536x1536.jpeg 1536w, https:\/\/isac-cat.infd.edu.ar\/sitio\/wp-content\/uploads\/2023\/03\/Progresar-4.jpeg 1600w\" sizes=\"(max-width: 500px) 100vw, 500px\" \/><\/p>\n<p><strong>CONSIDERACIONES:<\/strong><\/p>\n<p dir=\"ltr\"><img decoding=\"async\" class=\"emoji\" role=\"img\" draggable=\"false\" src=\"https:\/\/s.w.org\/images\/core\/emoji\/14.0.0\/svg\/1f449.svg\" alt=\"&#x1f449;\">&nbsp;Las inscripciones se realizan \u00fanicamente de manera online a trav\u00e9s de la Plataforma Becas Progresar:&nbsp;<a href=\"https:\/\/www.argentina.gob.ar\/educacion\/progresar\" target=\"_blank\" rel=\"noopener\" data-saferedirecturl=\"https:\/\/www.google.com\/url?q=https:\/\/www.argentina.gob.ar\/educacion\/progresar&amp;source=gmail&amp;ust=1678191340069000&amp;usg=AOvVaw0CGIWC4u6EfZn_hls7vFjo\">https:\/\/www.argentina.gob.ar\/<wbr>educaci\u00f3n\/progresar<\/a>.<\/p>\n<p dir=\"ltr\"><img decoding=\"async\" class=\"emoji\" role=\"img\" draggable=\"false\" src=\"https:\/\/s.w.org\/images\/core\/emoji\/14.0.0\/svg\/1f449.svg\" alt=\"&#x1f449;\">Pueden inscribirse los y las estudiantes ingresantes del Nivel Superior No Universitario entre 17 y 24 a\u00f1os de edad y estudiantes avanzados\/as hasta los 30 a\u00f1os.&nbsp;<\/p>\n<p dir=\"ltr\"><img decoding=\"async\" class=\"emoji\" role=\"img\" draggable=\"false\" src=\"https:\/\/s.w.org\/images\/core\/emoji\/14.0.0\/svg\/1f449.svg\" alt=\"&#x1f449;\">En la plataforma y en el canal oficial de YouTube del Ministerio de Educaci\u00f3n de la Naci\u00f3n pueden encontrar un Instructivo con el paso a paso de la inscripci\u00f3n:<a href=\"https:\/\/www.youtube.com\/watch?v=_8bDWQdMa0Q\" target=\"_blank\" rel=\"noopener\" data-saferedirecturl=\"https:\/\/www.google.com\/url?q=https:\/\/www.youtube.com\/watch?v%3D_8bDWQdMa0Q&amp;source=gmail&amp;ust=1678191340069000&amp;usg=AOvVaw3YUYMeV_EBEW56aCvxq9UM\">C\u00f3mo inscribirte en Progresar Nivel Superior<\/a><\/p>\n<p dir=\"ltr\"><img decoding=\"async\" class=\"emoji\" role=\"img\" draggable=\"false\" src=\"https:\/\/s.w.org\/images\/core\/emoji\/14.0.0\/svg\/1f449.svg\" alt=\"&#x1f449;\">Para restablecer la contrase\u00f1a el\/la estudiante puede&nbsp; seleccionar la opci\u00f3n&nbsp;<strong><em>\u201colvid\u00e9 mi contrase\u00f1a\u201d<\/em><\/strong>. En caso de no recordar el correo a trav\u00e9s del cu\u00e1l se cre\u00f3 el usuario, el establecimiento educativo o el referente jurisdiccional puede restablecer la contrase\u00f1a a trav\u00e9s del acceso institucional.<\/p>\n<p dir=\"ltr\"><img decoding=\"async\" class=\"emoji\" role=\"img\" draggable=\"false\" src=\"https:\/\/s.w.org\/images\/core\/emoji\/14.0.0\/svg\/1f449.svg\" alt=\"&#x1f449;\">Adem\u00e1s, la plataforma cuenta con una secci\u00f3n de \u201cpreguntas frecuentes\u201d que sirve para resolver dudas o consultas sobre el programa y el proceso de adjudicaci\u00f3n:&nbsp;<a href=\"https:\/\/www.argentina.gob.ar\/educacion\/progresar\/preguntas-frecuentes-progresar\" target=\"_blank\" rel=\"noopener\" data-saferedirecturl=\"https:\/\/www.google.com\/url?q=https:\/\/www.argentina.gob.ar\/educacion\/progresar\/preguntas-frecuentes-progresar&amp;source=gmail&amp;ust=1678191340069000&amp;usg=AOvVaw3LYvP-U37DnMgSqeSJzj39\">https:\/\/www.argentina.gob.ar\/<wbr>educacion\/progresar\/preguntas-<wbr>frecuentes-progresar<\/a><\/p>\n<p><img decoding=\"async\" class=\"emoji\" role=\"img\" draggable=\"false\" src=\"https:\/\/s.w.org\/images\/core\/emoji\/14.0.0\/svg\/1f449.svg\" alt=\"&#x1f449;\">La certificaci\u00f3n acad\u00e9mica de los estudiantes comenzar\u00e1 el d\u00eda&nbsp;<strong>13 de marzo<\/strong>, por tal motivo, deber\u00e1n dirigirse al instituto para realizar dicho tr\u00e1mite a partir de la fecha mencionada.&nbsp;<\/p>","protected":false},"excerpt":{"rendered":"<p>&#x1f4e2; \u00a1Segunda Convocatoria para Progresar 2024! &#x1f393; Se abri\u00f3 la segunda convocatoria para el Programa Progresar. La inscripci\u00f3n para Progresar Obligatorio y Progresar Superior estar\u00e1 disponible hasta el 30 de septiembre, mientras que Progresar Trabajo seguir\u00e1 abierta hasta el 30 de noviembre. &#x1f4bc; &#x1f4b8; En esta nueva etapa, la cuota mensual sube a $35.000. Adem\u00e1s, &#8230; <a title=\"PROGRESAR\" class=\"read-more\" href=\"https:\/\/isac-cat.infd.edu.ar\/sitio\/progresar\/\" aria-label=\"More on PROGRESAR\">[+]<\/a><\/p>\n","protected":false},"author":7,"featured_media":0,"parent":0,"menu_order":0,"comment_status":"closed","ping_status":"closed","template":"","meta":[],"acf":[],"_links":{"self":[{"href":"https:\/\/isac-cat.infd.edu.ar\/sitio\/wp-json\/wp\/v2\/pages\/2002"}],"collection":[{"href":"https:\/\/isac-cat.infd.edu.ar\/sitio\/wp-json\/wp\/v2\/pages"}],"about":[{"href":"https:\/\/isac-cat.infd.edu.ar\/sitio\/wp-json\/wp\/v2\/types\/page"}],"author":[{"embeddable":true,"href":"https:\/\/isac-cat.infd.edu.ar\/sitio\/wp-json\/wp\/v2\/users\/7"}],"replies":[{"embeddable":true,"href":"https:\/\/isac-cat.infd.edu.ar\/sitio\/wp-json\/wp\/v2\/comments?post=2002"}],"version-history":[{"count":20,"href":"https:\/\/isac-cat.infd.edu.ar\/sitio\/wp-json\/wp\/v2\/pages\/2002\/revisions"}],"predecessor-version":[{"id":2777,"href":"https:\/\/isac-cat.infd.edu.ar\/sitio\/wp-json\/wp\/v2\/pages\/2002\/revisions\/2777"}],"wp:attachment":[{"href":"https:\/\/isac-cat.infd.edu.ar\/sitio\/wp-json\/wp\/v2\/media?parent=2002"}],"curies":[{"name":"wp","href":"https:\/\/api.w.org\/{rel}","templated":true}]}}