{"id":2502,"date":"2023-12-11T11:02:24","date_gmt":"2023-12-11T14:02:24","guid":{"rendered":"https:\/\/isac-cat.infd.edu.ar\/sitio\/?page_id=2502"},"modified":"2024-11-15T19:47:27","modified_gmt":"2024-11-15T22:47:27","slug":"alumnos","status":"publish","type":"page","link":"https:\/\/isac-cat.infd.edu.ar\/sitio\/alumnos\/","title":{"rendered":"ALUMNOS"},"content":{"rendered":"\n<hr class=\"wp-block-separator has-alpha-channel-opacity is-style-dots\"\/>\n\n\n\n<p><\/p>\n\n\n<p style=\"text-align: center;\"><a href=\"https:\/\/drive.google.com\/drive\/folders\/1ZoaRPLjydPUBeR3ruRlI8WjZLaZEvX7k?usp=drive_link\" target=\"_blank\" rel=\"noopener\"><img decoding=\"async\" loading=\"lazy\" class=\"alignnone size-thumbnail wp-image-2844\" src=\"https:\/\/isac-cat.infd.edu.ar\/sitio\/wp-content\/uploads\/2024\/11\/IMG-20241115-WA0006-1-500x500.jpg\" alt=\"\" width=\"500\" height=\"500\" srcset=\"https:\/\/isac-cat.infd.edu.ar\/sitio\/wp-content\/uploads\/2024\/11\/IMG-20241115-WA0006-1-500x500.jpg 500w, https:\/\/isac-cat.infd.edu.ar\/sitio\/wp-content\/uploads\/2024\/11\/IMG-20241115-WA0006-1-1000x1000.jpg 1000w, https:\/\/isac-cat.infd.edu.ar\/sitio\/wp-content\/uploads\/2024\/11\/IMG-20241115-WA0006-1-768x768.jpg 768w, https:\/\/isac-cat.infd.edu.ar\/sitio\/wp-content\/uploads\/2024\/11\/IMG-20241115-WA0006-1.jpg 1080w\" sizes=\"(max-width: 500px) 100vw, 500px\" \/><\/a><\/p>\n<p style=\"text-align: center;\"><a href=\"https:\/\/drive.google.com\/file\/d\/1Hs3w7KNiyOYx6eL6WhMPHoXHr6NuRHmL\/view?usp=drivesdk\" target=\"_blank\" rel=\"noopener\">Formulario de inscripci\u00f3n\u00a0<\/a><\/p>\n<p>\u00a0<\/p>\n<p><a href=\"https:\/\/drive.google.com\/drive\/folders\/1ZoaRPLjydPUBeR3ruRlI8WjZLaZEvX7k?usp=drive_link\" target=\"_blank\" rel=\"noopener\"><img decoding=\"async\" loading=\"lazy\" class=\"wp-image-2714 aligncenter\" src=\"https:\/\/isac-cat.infd.edu.ar\/sitio\/wp-content\/uploads\/2024\/07\/WhatsApp-Image-2024-07-14-at-01.22.28.jpeg\" alt=\"\" width=\"467\" height=\"467\" srcset=\"https:\/\/isac-cat.infd.edu.ar\/sitio\/wp-content\/uploads\/2024\/07\/WhatsApp-Image-2024-07-14-at-01.22.28.jpeg 1000w, https:\/\/isac-cat.infd.edu.ar\/sitio\/wp-content\/uploads\/2024\/07\/WhatsApp-Image-2024-07-14-at-01.22.28-500x500.jpeg 500w, https:\/\/isac-cat.infd.edu.ar\/sitio\/wp-content\/uploads\/2024\/07\/WhatsApp-Image-2024-07-14-at-01.22.28-768x768.jpeg 768w\" sizes=\"(max-width: 467px) 100vw, 467px\" \/><\/a><\/p>\n\n\n<hr class=\"wp-block-separator has-alpha-channel-opacity is-style-dots\"\/>\n\n\n<p><img decoding=\"async\" loading=\"lazy\" class=\"wp-image-2707 aligncenter\" src=\"https:\/\/isac-cat.infd.edu.ar\/sitio\/wp-content\/uploads\/2024\/07\/Anuncio-para-salon-de-clase-de-aviso-importante-llamativo-violeta-y-gris.jpg\" alt=\"\" width=\"465\" height=\"465\" srcset=\"https:\/\/isac-cat.infd.edu.ar\/sitio\/wp-content\/uploads\/2024\/07\/Anuncio-para-salon-de-clase-de-aviso-importante-llamativo-violeta-y-gris.jpg 1000w, https:\/\/isac-cat.infd.edu.ar\/sitio\/wp-content\/uploads\/2024\/07\/Anuncio-para-salon-de-clase-de-aviso-importante-llamativo-violeta-y-gris-500x500.jpg 500w, https:\/\/isac-cat.infd.edu.ar\/sitio\/wp-content\/uploads\/2024\/07\/Anuncio-para-salon-de-clase-de-aviso-importante-llamativo-violeta-y-gris-768x768.jpg 768w\" sizes=\"(max-width: 465px) 100vw, 465px\" \/><\/p>\n<p style=\"text-align: center;\">&#x1f4c4;<a href=\"https:\/\/isac-cat.infd.edu.ar\/sitio\/wp-content\/uploads\/2024\/07\/Permiso_Examen_ISAC_Turno_Julio_Agosto_2024-1.pdf\">Permiso_Examen_ISAC_Turno_Julio_Agosto_2024 (1)<\/a><\/p>\n\n\n<hr class=\"wp-block-separator has-alpha-channel-opacity is-style-dots\"\/>\n\n\n<p style=\"text-align: right;\">\n<\/p><p><img decoding=\"async\" loading=\"lazy\" class=\"wp-image-2653 aligncenter\" src=\"https:\/\/isac-cat.infd.edu.ar\/sitio\/wp-content\/uploads\/2024\/05\/examen.jpg\" alt=\"\" width=\"500\" height=\"500\" srcset=\"https:\/\/isac-cat.infd.edu.ar\/sitio\/wp-content\/uploads\/2024\/05\/examen.jpg 1000w, https:\/\/isac-cat.infd.edu.ar\/sitio\/wp-content\/uploads\/2024\/05\/examen-500x500.jpg 500w, https:\/\/isac-cat.infd.edu.ar\/sitio\/wp-content\/uploads\/2024\/05\/examen-768x768.jpg 768w\" sizes=\"(max-width: 500px) 100vw, 500px\" \/><\/p>\n<p><\/p>\n<p><a href=\"https:\/\/isac-cat.infd.edu.ar\/sitio\/wp-content\/uploads\/2024\/05\/TEC.-SUP.-EN-COMUNICACION-SOCIAL-T.M.pdf\">TEC. SUP. EN COMUNICACION SOCIAL-T.M.<\/a><\/p>\n<p><a href=\"https:\/\/isac-cat.infd.edu.ar\/sitio\/wp-content\/uploads\/2024\/05\/TEC.-SUP.-EN-GESTION-SOCIOCULTURAL-T.T.pdf\">TEC. SUP. EN GESTION SOCIOCULTURAL -T.T.<\/a><\/p>\n<p><a href=\"https:\/\/isac-cat.infd.edu.ar\/sitio\/wp-content\/uploads\/2024\/05\/DANZAS-T.M.pdf\">DANZAS T.M.<\/a><\/p>\n<p><a href=\"https:\/\/isac-cat.infd.edu.ar\/sitio\/wp-content\/uploads\/2024\/05\/ARTES-VISUALES-T.M.pdf\">ARTES VISUALES T.M<\/a><\/p>\n<p><a href=\"https:\/\/isac-cat.infd.edu.ar\/sitio\/wp-content\/uploads\/2024\/05\/TEATRO-T.T.pdf\">TEATRO &#8211; T.T.<\/a><\/p>\n<p><a href=\"https:\/\/isac-cat.infd.edu.ar\/sitio\/wp-content\/uploads\/2024\/05\/ARTES-VISUALES-T.T.pdf\">ARTES VISUALES T.T.<\/a><\/p>\n<p><a href=\"https:\/\/isac-cat.infd.edu.ar\/sitio\/wp-content\/uploads\/2024\/05\/MUSICA-T.T.pdf\">MUSICA T.T<\/a><\/p>\n<p><a href=\"https:\/\/isac-cat.infd.edu.ar\/sitio\/wp-content\/uploads\/2024\/05\/MUSICA-T.M.pdf\">MUSICA T.M.<\/a><\/p>\n<p><a href=\"https:\/\/isac-cat.infd.edu.ar\/sitio\/wp-content\/uploads\/2024\/05\/DANZA-T.T.pdf\">DANZA T.T.<\/a><\/p>\n<p><a href=\"https:\/\/isac-cat.infd.edu.ar\/sitio\/wp-content\/uploads\/2024\/05\/LOCUTOR-INTEGRAL-PARA-RADIO-Y-TV.pdf\">LOCUTOR INTEGRAL PARA RADIO Y TV<\/a><\/p>\n<p><a href=\"https:\/\/isac-cat.infd.edu.ar\/sitio\/wp-content\/uploads\/2024\/05\/TECNICATURA-SUPERIOR-DE-BIENES-CULTURALES-EN-ARTES-VISUALES.pdf\">TECNICATURA SUPERIOR DE BIENES CULTURALES EN ARTES VISUALES<\/a><\/p>\n\n\n<hr class=\"wp-block-separator has-alpha-channel-opacity is-style-dots\"\/>\n\n\n<p><img decoding=\"async\" loading=\"lazy\" class=\"alignnone  wp-image-2574\" src=\"https:\/\/isac-cat.infd.edu.ar\/sitio\/wp-content\/uploads\/2023\/12\/preinscripcion-isac1-707x1000.jpeg\" alt=\"\" width=\"489\" height=\"692\"> <img decoding=\"async\" loading=\"lazy\" class=\"wp-image-2575 alignright\" src=\"https:\/\/isac-cat.infd.edu.ar\/sitio\/wp-content\/uploads\/2023\/12\/preinscripcion-isac2-707x1000.jpeg\" alt=\"\" width=\"485\" height=\"686\"><\/p>\n<p style=\"text-align: center;\">&#x1f4e2;Se informa que se encuentra habilitada la preinscipci\u00f3n para el ciclo lectivo 2024.&#x1f4e2;<\/p>\n<p style=\"text-align: center;\">Los interesados deber\u00e1n realizar la preinscripci\u00f3n de manera virtual a trav\u00e9s de los siguientes enlaces:<\/p>\n<p style=\"text-align: center;\"><a href=\"https:\/\/docs.google.com\/forms\/d\/e\/1FAIpQLSeFsx08hlbBnMctmgIE_dFTGJcLWZPG-LJheYjkQOnD2CFSXg\/viewform\">FORMULARIO PREINSCRIPCI\u00d3N (DICIEMBRE)<\/a><\/p>\n<p style=\"text-align: center;\"><a href=\"http:\/\/guarani.catamarca.edu.ar\/preinscripcion\/ies\/acceso\/\" target=\"_blank\" rel=\"noopener\">PREINSCRIPCI\u00d3N SIU GUARANI<\/a><\/p>\n<p><strong>&#x26a0; Importante<\/strong><br>Una vez completada la preinscripci\u00f3n virtual y descargar el comprobante correspondiente, deber\u00e1n presentar el mismo con la siguiente documentaci\u00f3n:<br>&#x1f7e3;Fotocopia de DNI<br>&#x1f7e3;Fotocopia partida de nacimiento<br>&#x1f7e3;T\u00edtulo de nivel medio(secundario), o constancia de t\u00edtulo en tr\u00e1mite<br>&#x1f7e3;Certificado de aptitud f\u00edsica<br>&#x1f7e3;2 fotos 4&#215;4<br>&#x1f7e3;1 carpeta colgate color marr\u00f3n tipo archivo<\/p>\n<p>La documentaci\u00f3n requerida deber\u00e1 ser presentada en la instituci\u00f3n en el mes de febrero, en horarios y fechas a confirmar.<\/p>","protected":false},"excerpt":{"rendered":"<p>Formulario de inscripci\u00f3n\u00a0 \u00a0 &#x1f4c4;Permiso_Examen_ISAC_Turno_Julio_Agosto_2024 (1) TEC. SUP. EN COMUNICACION SOCIAL-T.M. TEC. SUP. EN GESTION SOCIOCULTURAL -T.T. DANZAS T.M. ARTES VISUALES T.M TEATRO &#8211; T.T. ARTES VISUALES T.T. MUSICA T.T MUSICA T.M. DANZA T.T. LOCUTOR INTEGRAL PARA RADIO Y TV TECNICATURA SUPERIOR DE BIENES CULTURALES EN ARTES VISUALES &#x1f4e2;Se informa que se encuentra habilitada la &#8230; <a title=\"ALUMNOS\" class=\"read-more\" href=\"https:\/\/isac-cat.infd.edu.ar\/sitio\/alumnos\/\" aria-label=\"More on ALUMNOS\">[+]<\/a><\/p>\n","protected":false},"author":2135,"featured_media":0,"parent":0,"menu_order":0,"comment_status":"closed","ping_status":"closed","template":"","meta":[],"acf":[],"_links":{"self":[{"href":"https:\/\/isac-cat.infd.edu.ar\/sitio\/wp-json\/wp\/v2\/pages\/2502"}],"collection":[{"href":"https:\/\/isac-cat.infd.edu.ar\/sitio\/wp-json\/wp\/v2\/pages"}],"about":[{"href":"https:\/\/isac-cat.infd.edu.ar\/sitio\/wp-json\/wp\/v2\/types\/page"}],"author":[{"embeddable":true,"href":"https:\/\/isac-cat.infd.edu.ar\/sitio\/wp-json\/wp\/v2\/users\/2135"}],"replies":[{"embeddable":true,"href":"https:\/\/isac-cat.infd.edu.ar\/sitio\/wp-json\/wp\/v2\/comments?post=2502"}],"version-history":[{"count":25,"href":"https:\/\/isac-cat.infd.edu.ar\/sitio\/wp-json\/wp\/v2\/pages\/2502\/revisions"}],"predecessor-version":[{"id":2920,"href":"https:\/\/isac-cat.infd.edu.ar\/sitio\/wp-json\/wp\/v2\/pages\/2502\/revisions\/2920"}],"wp:attachment":[{"href":"https:\/\/isac-cat.infd.edu.ar\/sitio\/wp-json\/wp\/v2\/media?parent=2502"}],"curies":[{"name":"wp","href":"https:\/\/api.w.org\/{rel}","templated":true}]}}