{"id":905,"date":"2018-08-30T11:00:11","date_gmt":"2018-08-30T14:00:11","guid":{"rendered":"https:\/\/isac-cat.infd.edu.ar\/sitio\/autoridades\/"},"modified":"2023-07-13T12:31:41","modified_gmt":"2023-07-13T15:31:41","slug":"autoridades","status":"publish","type":"page","link":"https:\/\/isac-cat.infd.edu.ar\/sitio\/autoridades\/","title":{"rendered":"Autoridades"},"content":{"rendered":"<p style=\"text-align: center;\"><strong>EQUIPO DE CONDUCCI\u00d3N NORMALIZADOR<\/strong><\/p>\n<p style=\"text-align: center;\"><strong>&#x1f538;Rectora: Lic. Olga Dr\u00e9&#x1f538;<\/strong><\/p>\n<p style=\"text-align: center;\"><strong>&#x1f538;Secretaria Acad\u00e9mica: Lic. Ana Liz Ahumada C.&#x1f538;<\/strong><\/p>\n<p style=\"text-align: center;\"><strong>&#x1f538;Sec. T\u00e9cnico: Prof. Andr\u00e9s\u00a0\u00c1vila&#x1f538;<\/strong><\/p>\n<p style=\"text-align: center;\"><span style=\"font-family: arial,helvetica,sans-serif; color: #cc6600; font-size: 12pt;\"><b><\/b><strong style=\"color: #cc6600; font-family: arial, helvetica, sans-serif; font-size: 12pt;\"><br \/><\/strong><\/span><\/p>\n\n\n<p><\/p>\n","protected":false},"excerpt":{"rendered":"<p>EQUIPO DE CONDUCCI\u00d3N NORMALIZADOR &#x1f538;Rectora: Lic. Olga Dr\u00e9&#x1f538; &#x1f538;Secretaria Acad\u00e9mica: Lic. Ana Liz Ahumada C.&#x1f538; &#x1f538;Sec. T\u00e9cnico: Prof. Andr\u00e9s\u00a0\u00c1vila&#x1f538;<\/p>\n","protected":false},"author":204,"featured_media":0,"parent":0,"menu_order":0,"comment_status":"closed","ping_status":"closed","template":"","meta":[],"acf":[],"_links":{"self":[{"href":"https:\/\/isac-cat.infd.edu.ar\/sitio\/wp-json\/wp\/v2\/pages\/905"}],"collection":[{"href":"https:\/\/isac-cat.infd.edu.ar\/sitio\/wp-json\/wp\/v2\/pages"}],"about":[{"href":"https:\/\/isac-cat.infd.edu.ar\/sitio\/wp-json\/wp\/v2\/types\/page"}],"author":[{"embeddable":true,"href":"https:\/\/isac-cat.infd.edu.ar\/sitio\/wp-json\/wp\/v2\/users\/204"}],"replies":[{"embeddable":true,"href":"https:\/\/isac-cat.infd.edu.ar\/sitio\/wp-json\/wp\/v2\/comments?post=905"}],"version-history":[{"count":5,"href":"https:\/\/isac-cat.infd.edu.ar\/sitio\/wp-json\/wp\/v2\/pages\/905\/revisions"}],"predecessor-version":[{"id":2242,"href":"https:\/\/isac-cat.infd.edu.ar\/sitio\/wp-json\/wp\/v2\/pages\/905\/revisions\/2242"}],"wp:attachment":[{"href":"https:\/\/isac-cat.infd.edu.ar\/sitio\/wp-json\/wp\/v2\/media?parent=905"}],"curies":[{"name":"wp","href":"https:\/\/api.w.org\/{rel}","templated":true}]}}